{"id":3142,"date":"2018-10-16T18:20:55","date_gmt":"2018-10-16T16:20:55","guid":{"rendered":"http:\/\/www.krammer.nl\/blog\/?page_id=3142"},"modified":"2019-12-20T11:14:40","modified_gmt":"2019-12-20T10:14:40","slug":"overzicht-inzingoefeningen","status":"publish","type":"page","link":"https:\/\/www.krammer.nl\/blog\/overzicht-inzingoefeningen\/","title":{"rendered":"Overzicht inzingoefeningen"},"content":{"rendered":"<p>Hier is een overzicht van de meest geslaagde inzingoefeningen op dit blog.<\/p>\n<h4>Eenstemmige oefeningen<\/h4>\n<ul>\n<li><a href=\"https:\/\/www.krammer.nl\/blog\/versnellen-en-vertragen\/\">Versnellen en vertragen<\/a><\/li>\n<\/ul>\n<h4>Eenvoudige oefeningen<\/h4>\n<ul>\n<li><a href=\"https:\/\/www.krammer.nl\/blog\/inzingoefening-zwaan\/\">De zwaan<\/a><\/li>\n<li><a href=\"https:\/\/www.krammer.nl\/blog\/majeur-mineur-majeur\/\">Majeur en mineur<\/a><\/li>\n<li><a href=\"https:\/\/www.krammer.nl\/blog\/toonladderoefening-met-sext\/\">Sext en toonladdders<\/a><\/li>\n<li><a href=\"https:\/\/www.krammer.nl\/blog\/inzinger-met-sexten\/\">Sexten en secundes<\/a><\/li>\n<li><a href=\"https:\/\/www.krammer.nl\/blog\/page\/7\/\">Vivaldi met sext<\/a><\/li>\n<li><a href=\"https:\/\/www.krammer.nl\/blog\/666\/\">Gestapelde tersten<\/a><\/li>\n<\/ul>\n<h4>Van \u00e9\u00e9n- naar meerstemmig<\/h4>\n<ul>\n<li><a href=\"https:\/\/www.krammer.nl\/blog\/inzingoefening-eenstemmig-meerstemmig\/\">Septiemklanken<\/a><\/li>\n<li><a href=\"https:\/\/www.krammer.nl\/blog\/van-een-naar-meerstemmig\/\">Vier harmonie\u00ebn<\/a><\/li>\n<\/ul>\n<h4>Driestemmig oefeningen<\/h4>\n<ul>\n<li><a href=\"https:\/\/www.krammer.nl\/blog\/driestemmige-inzingoefening-met-medianten\/\">Medianten<\/a><\/li>\n<\/ul>\n<h4>Vierstemmige oefeningen<\/h4>\n<ul>\n<li><a href=\"https:\/\/www.krammer.nl\/blog\/pachelbel-swingend\/\">Pachelbel swingend<\/a><\/li>\n<li><a href=\"https:\/\/www.krammer.nl\/blog\/inzinger-met-latin-syncopen\/\">Latin<\/a><\/li>\n<li><a href=\"https:\/\/www.krammer.nl\/blog\/swingende-oefeninging-met-straight-eighths\/\">Funky<\/a><\/li>\n<li><a href=\"https:\/\/www.krammer.nl\/blog\/modale-inzingoefening\/\">Modaal<\/a><\/li>\n<li><a href=\"https:\/\/www.krammer.nl\/blog\/inzingoefening-in-68\/\">Zesachtstemaat<\/a><\/li>\n<\/ul>\n<h4>Om en om zingen.<\/h4>\n<ul>\n<li><a href=\"https:\/\/www.krammer.nl\/blog\/inzingoefening-om-en-om-zingen\/\">Om en om zingen<\/a><\/li>\n<\/ul>\n<h4>Arpeggio&#8217;s<\/h4>\n<ul>\n<li><a href=\"https:\/\/www.krammer.nl\/blog\/arpeggios-zingen\/\">None-akkoorden<\/a><\/li>\n<\/ul>\n<h4>Inzingers die meer tijd vergen<\/h4>\n<ul>\n<li><a href=\"https:\/\/www.krammer.nl\/blog\/polyfone-inzinger\/\">Polyfoon<\/a><\/li>\n<\/ul>\n","protected":false},"excerpt":{"rendered":"<p>Hier is een overzicht van de meest geslaagde inzingoefeningen op dit blog. Eenstemmige oefeningen Versnellen en vertragen Eenvoudige oefeningen De zwaan Majeur en mineur Sext en toonladdders Sexten en secundes Vivaldi met sext Gestapelde tersten Van \u00e9\u00e9n- naar meerstemmig Septiemklanken Vier harmonie\u00ebn Driestemmig oefeningen Medianten Vierstemmige oefeningen Pachelbel swingend Latin Funky Modaal Zesachtstemaat Om en [&hellip;]<\/p>\n","protected":false},"author":1,"featured_media":0,"parent":0,"menu_order":0,"comment_status":"closed","ping_status":"closed","template":"","meta":{"inline_featured_image":false,"site-sidebar-layout":"default","site-content-layout":"","ast-site-content-layout":"default","site-content-style":"default","site-sidebar-style":"default","ast-global-header-display":"","ast-banner-title-visibility":"","ast-main-header-display":"","ast-hfb-above-header-display":"","ast-hfb-below-header-display":"","ast-hfb-mobile-header-display":"","site-post-title":"","ast-breadcrumbs-content":"","ast-featured-img":"","footer-sml-layout":"","ast-disable-related-posts":"","theme-transparent-header-meta":"","adv-header-id-meta":"","stick-header-meta":"","header-above-stick-meta":"","header-main-stick-meta":"","header-below-stick-meta":"","astra-migrate-meta-layouts":"default","ast-page-background-enabled":"default","ast-page-background-meta":{"desktop":{"background-color":"var(--ast-global-color-4)","background-image":"","background-repeat":"repeat","background-position":"center center","background-size":"auto","background-attachment":"scroll","background-type":"","background-media":"","overlay-type":"","overlay-color":"","overlay-opacity":"","overlay-gradient":""},"tablet":{"background-color":"","background-image":"","background-repeat":"repeat","background-position":"center center","background-size":"auto","background-attachment":"scroll","background-type":"","background-media":"","overlay-type":"","overlay-color":"","overlay-opacity":"","overlay-gradient":""},"mobile":{"background-color":"","background-image":"","background-repeat":"repeat","background-position":"center center","background-size":"auto","background-attachment":"scroll","background-type":"","background-media":"","overlay-type":"","overlay-color":"","overlay-opacity":"","overlay-gradient":""}},"ast-content-background-meta":{"desktop":{"background-color":"var(--ast-global-color-5)","background-image":"","background-repeat":"repeat","background-position":"center center","background-size":"auto","background-attachment":"scroll","background-type":"","background-media":"","overlay-type":"","overlay-color":"","overlay-opacity":"","overlay-gradient":""},"tablet":{"background-color":"var(--ast-global-color-5)","background-image":"","background-repeat":"repeat","background-position":"center center","background-size":"auto","background-attachment":"scroll","background-type":"","background-media":"","overlay-type":"","overlay-color":"","overlay-opacity":"","overlay-gradient":""},"mobile":{"background-color":"var(--ast-global-color-5)","background-image":"","background-repeat":"repeat","background-position":"center center","background-size":"auto","background-attachment":"scroll","background-type":"","background-media":"","overlay-type":"","overlay-color":"","overlay-opacity":"","overlay-gradient":""}},"footnotes":""},"class_list":["post-3142","page","type-page","status-publish","hentry"],"_links":{"self":[{"href":"https:\/\/www.krammer.nl\/blog\/wp-json\/wp\/v2\/pages\/3142","targetHints":{"allow":["GET"]}}],"collection":[{"href":"https:\/\/www.krammer.nl\/blog\/wp-json\/wp\/v2\/pages"}],"about":[{"href":"https:\/\/www.krammer.nl\/blog\/wp-json\/wp\/v2\/types\/page"}],"author":[{"embeddable":true,"href":"https:\/\/www.krammer.nl\/blog\/wp-json\/wp\/v2\/users\/1"}],"replies":[{"embeddable":true,"href":"https:\/\/www.krammer.nl\/blog\/wp-json\/wp\/v2\/comments?post=3142"}],"version-history":[{"count":7,"href":"https:\/\/www.krammer.nl\/blog\/wp-json\/wp\/v2\/pages\/3142\/revisions"}],"predecessor-version":[{"id":5053,"href":"https:\/\/www.krammer.nl\/blog\/wp-json\/wp\/v2\/pages\/3142\/revisions\/5053"}],"wp:attachment":[{"href":"https:\/\/www.krammer.nl\/blog\/wp-json\/wp\/v2\/media?parent=3142"}],"curies":[{"name":"wp","href":"https:\/\/api.w.org\/{rel}","templated":true}]}}