{"id":57,"date":"2020-08-26T22:07:59","date_gmt":"2020-08-26T22:07:59","guid":{"rendered":"https:\/\/www.krammer.nl\/boeken\/?page_id=57"},"modified":"2021-03-13T20:25:25","modified_gmt":"2021-03-13T20:25:25","slug":"arrangeren","status":"publish","type":"page","link":"https:\/\/www.krammer.nl\/boeken\/arrangeren\/","title":{"rendered":"Arrangeren voor koor en vocal group"},"content":{"rendered":"<p><img loading=\"lazy\" decoding=\"async\" class=\"alignright  wp-image-348\" src=\"https:\/\/www.krammer.nl\/boeken\/wp-content\/uploads\/2020\/10\/omslag-arrangeren-1-214x300.png\" alt=\"\" width=\"166\" height=\"232\" srcset=\"https:\/\/www.krammer.nl\/boeken\/wp-content\/uploads\/2020\/10\/omslag-arrangeren-1-214x300.png 214w, https:\/\/www.krammer.nl\/boeken\/wp-content\/uploads\/2020\/10\/omslag-arrangeren-1.png 668w\" sizes=\"auto, (max-width: 166px) 100vw, 166px\" \/>Je kent de reikwijdte van de stemmen van je zangers, je weet welk nummer je wil arrangeren en wie de lead krijgt, en dan? Wordt het homofoon of niet? Hoe verklank je dat typische gitaarrifje? Wat doe je om de bas te laten grooven? Arrangeren is een heel gepuzzel. Ook als je thuis bent in je muziektheorie kom je voor talloze keuzes te staan om een stuk te bewerken voor stemmen. Arrangeren is een ambacht. Het goede nieuws is, dat je het kunt leren. Tijs Krammer helpt je daarbij op weg door zijn jarenlange praktijkervaring te delen en laat je met praktische voorbeelden de mogelijkheden zien.<\/p>\n<p>Ben je een beginner die niet weten waar te beginnen of juist een gevorderde arrangeur die even niet weet hoe hij verder moet? Laat je inspireren door Arrangeren voor koor en vocal group en ontdek hoe bevredigend het schrijven is als de noten op hun plek schuiven.<\/p>\n<h2>Quotes<\/h2>\n<p>Zelden zag ik de grotere en kleinere vraagstukken die een arrangeur tegenkomt z\u00f3 goed verwoord, z\u00f3 to the point en z\u00f3 systematisch behandeld. In een rustige en precieze stijl, en voorzien van talloze muziekvoorbeelden, doceert hij de stof op een manier die uiterst plezierig is voor zowel de aspirant als de ervaren vakman.<\/p>\n<div class=\"citaat\"><a href=\"http:\/\/www.bobzimmerman.nl\/\">Bob Zimmerman<\/a>, componist en arrangeur, o.a. voor het Metropole Orkest<\/div>\n<p>Wie graag arrangeert voor stemmen kijkt uit naar het moment waarop de geschreven noten als gezongen muziek tot leven komen. Tijs Krammer beschrijft op zeer aangename en heldere wijze de weg hiernaartoe.<\/p>\n<div class=\"citaat\">Hans Cassa, zanger van Montezuma\u2019s Revenge<\/div>\n<h2>Opzet van het boek<\/h2>\n<p>Het boek omvat acht stukken. In elk hoofdstuk wordt een deelgebied van het arrangeren behandeld:<br \/>\n1. Stemsoorten en bezettingen<br \/>\n2. Ritme<br \/>\n3. Akkoordsymbolen<br \/>\n4. Harmonie\u00ebn schrijven<br \/>\n5. Arrangeren in lagen<br \/>\n6. De begeleidende stemmen en de basstem<br \/>\n7. De opbouw van een arrangement<br \/>\n8. Notatie<\/p>\n<h2>Recensie<\/h2>\n<p><img loading=\"lazy\" decoding=\"async\" class=\"wp-image-61 alignnone\" src=\"https:\/\/www.krammer.nl\/boeken\/wp-content\/uploads\/2020\/08\/zing.jpg\" alt=\"\" width=\"511\" height=\"241\" srcset=\"https:\/\/www.krammer.nl\/boeken\/wp-content\/uploads\/2020\/08\/zing.jpg 1497w, https:\/\/www.krammer.nl\/boeken\/wp-content\/uploads\/2020\/08\/zing-300x141.jpg 300w, https:\/\/www.krammer.nl\/boeken\/wp-content\/uploads\/2020\/08\/zing-1024x483.jpg 1024w, https:\/\/www.krammer.nl\/boeken\/wp-content\/uploads\/2020\/08\/zing-768x362.jpg 768w\" sizes=\"auto, (max-width: 511px) 100vw, 511px\" \/><\/p>\n<p>(Zing Magazine, oktober 2013)<\/p>\n<h2>Arrangeeroefeningen<\/h2>\n<p>In het boek staat voornamelijk theorie en muziekvoorbeelden, maar in het boek staan geen oefeningen. Die kun je wel vinden op mijn <a href=\"https:\/\/www.krammer.nl\/blog\/arrangeeroefeningen\/\">blog<\/a>.<\/p>\n<h2>Mp3&#8217;s van muziekvoorbeelden<\/h2>\n<p>De lezer van het boek kan op de volgende pagina&#8217;s de mp3&#8217;s van de muziekvoorbeelden beluisteren:<br \/>\n<a href=\"https:\/\/www.krammer.nl\/boeken\/arrangeren-mp3s-inleiding\">Inleiding<\/a><br \/>\n<a href=\"https:\/\/www.krammer.nl\/boeken\/arrangeren-mp3s-hoofdstuk-1\">Hoofdstuk 1<\/a><br \/>\n<a href=\"https:\/\/www.krammer.nl\/boeken\/arrangeren-mp3s-hoofdstuk-2\">Hoofdstuk 2<\/a><br \/>\n<a href=\"https:\/\/www.krammer.nl\/boeken\/arrangeren-mp3s-hoofdstuk-4\">Hoofdstuk 4<\/a><br \/>\n<a href=\"https:\/\/www.krammer.nl\/boeken\/arrangeren-mp3s-hoofdstuk-5\">Hoofdstuk 5<\/a><br \/>\n<a href=\"https:\/\/www.krammer.nl\/boeken\/arrangeren-mp3s-hoofdstuk-6\">Hoofdstuk 6<\/a><br \/>\n<a href=\"https:\/\/www.krammer.nl\/boeken\/arrangeren-mp3s-hoofdstuk-7\">Hoofdstuk 7<\/a><br \/>\n<a href=\"https:\/\/www.krammer.nl\/boeken\/arrangeren-mp3s-hoofdstuk-8\">Hoofdstuk 8<\/a><\/p>\n","protected":false},"excerpt":{"rendered":"<p>Je kent de reikwijdte van de stemmen van je zangers, je weet welk nummer je wil arrangeren en wie de lead krijgt, en dan? Wordt het homofoon of niet? Hoe verklank je dat typische gitaarrifje? Wat doe je om de bas te laten grooven? Arrangeren is een heel gepuzzel. Ook als je thuis bent in [&hellip;]<\/p>\n","protected":false},"author":1,"featured_media":0,"parent":0,"menu_order":0,"comment_status":"closed","ping_status":"closed","template":"","meta":{"inline_featured_image":false,"footnotes":""},"class_list":["post-57","page","type-page","status-publish","hentry"],"_links":{"self":[{"href":"https:\/\/www.krammer.nl\/boeken\/wp-json\/wp\/v2\/pages\/57","targetHints":{"allow":["GET"]}}],"collection":[{"href":"https:\/\/www.krammer.nl\/boeken\/wp-json\/wp\/v2\/pages"}],"about":[{"href":"https:\/\/www.krammer.nl\/boeken\/wp-json\/wp\/v2\/types\/page"}],"author":[{"embeddable":true,"href":"https:\/\/www.krammer.nl\/boeken\/wp-json\/wp\/v2\/users\/1"}],"replies":[{"embeddable":true,"href":"https:\/\/www.krammer.nl\/boeken\/wp-json\/wp\/v2\/comments?post=57"}],"version-history":[{"count":16,"href":"https:\/\/www.krammer.nl\/boeken\/wp-json\/wp\/v2\/pages\/57\/revisions"}],"predecessor-version":[{"id":380,"href":"https:\/\/www.krammer.nl\/boeken\/wp-json\/wp\/v2\/pages\/57\/revisions\/380"}],"wp:attachment":[{"href":"https:\/\/www.krammer.nl\/boeken\/wp-json\/wp\/v2\/media?parent=57"}],"curies":[{"name":"wp","href":"https:\/\/api.w.org\/{rel}","templated":true}]}}